{"id":2166,"date":"2023-09-22T08:52:48","date_gmt":"2023-09-22T08:52:48","guid":{"rendered":"https:\/\/conic.cat\/accesibilidad\/"},"modified":"2024-01-26T09:16:16","modified_gmt":"2024-01-26T09:16:16","slug":"accesibilidad","status":"publish","type":"page","link":"https:\/\/conic.cat\/es\/accesibilidad\/","title":{"rendered":"Accesibilidad"},"content":{"rendered":"\t\t<div data-elementor-type=\"wp-page\" data-elementor-id=\"2166\" class=\"elementor elementor-2166 elementor-2161\" data-elementor-post-type=\"page\">\n\t\t\t\t<div class=\"elementor-element elementor-element-d3b65cf e-flex e-con-boxed e-con e-parent\" data-id=\"d3b65cf\" data-element_type=\"container\">\n\t\t\t\t\t<div class=\"e-con-inner\">\n\t\t\t\t<div class=\"elementor-element elementor-element-cb345bb elementor-widget elementor-widget-heading\" data-id=\"cb345bb\" data-element_type=\"widget\" data-widget_type=\"heading.default\">\n\t\t\t\t<div class=\"elementor-widget-container\">\n\t\t\t\t\t<h1 class=\"elementor-heading-title elementor-size-default\">ACCESIBILIDAD<\/h1>\t\t\t\t<\/div>\n\t\t\t\t<\/div>\n\t\t\t\t<div class=\"elementor-element elementor-element-5c740c1 elementor-widget elementor-widget-text-editor\" data-id=\"5c740c1\" data-element_type=\"widget\" data-widget_type=\"text-editor.default\">\n\t\t\t\t<div class=\"elementor-widget-container\">\n\t\t\t\t\t\t\t\t\t<div class=\"flex flex-grow flex-col max-w-full\">\n<div class=\"text-message flex flex-col items-start gap-3 whitespace-pre-wrap break-words [.text-message+&amp;]:mt-5 overflow-x-auto\" data-message-author-role=\"assistant\" data-message-id=\"dfc54e9e-1ac4-4df1-9700-89fde02d6bbe\">\n<div class=\"markdown prose w-full break-words dark:prose-invert dark\">\n<p>Conic Studi SL se ha comprometido a hacer accesible su sitio web de conformidad con el Real Decreto 1112\/2018, de 7 de septiembre, sobre accesibilidad de los sitios web y aplicaciones para dispositivos m\u00f3viles del sector p\u00fablico.<\/p>\n<p>La presente declaraci\u00f3n de accesibilidad se aplica al sitio web <a href=\"https:\/\/conic.cat\/es\/\" target=\"_new\">https:\/\/conic.cat\/<\/a><\/p>\n<p>SITUACI\u00d3N DE CUMPLIMIENTO<\/p>\n<p>Este sitio web es parcialmente conforme con el RD 1112\/2018 debido a las excepciones y a la falta de conformidad de los aspectos que se indican a continuaci\u00f3n.<\/p>\n<p>CONTENIDO NO ACCESIBLE<\/p>\n<p>El contenido que se recoge a continuaci\u00f3n no es accesible por lo siguiente:<\/p>\n<p>Falta de conformidad con el RD 1112\/2018<\/p>\n<p>Podr\u00edan existir contenidos no textuales que se presenten al usuario sin una alternativa textual que cumpla una funci\u00f3n equivalente. (Requisito n\u00famero 9.1.1.1 de UNE-EN 301549:2022)<\/p>\n<p>Podr\u00eda existir informaci\u00f3n, estructura o relaciones que no pudieran determinarse mediante programaci\u00f3n o que no estuvieran disponibles en el texto (Requisito n\u00famero 9.1.3.1 de UNE-EN 301549:2022)<\/p>\n<p>Podr\u00edan existir enlaces cuya finalidad no pueda determinarse a partir del texto del enlace \u00fanicamente o a partir del texto del enlace junto con su contexto de enlace determinado mediante programaci\u00f3n (Requisito n\u00famero 9.2.4.4 de UNE-EN 301549:2022)<\/p>\n<p>Podr\u00eda no existir m\u00e1s de una forma de localizar una p\u00e1gina web dentro de un conjunto de p\u00e1ginas web (Requisito n\u00famero 9.2.4.5 de UNE-EN 301549:2022)<\/p>\n<p>Podr\u00edan existir indicadores de enfoque del teclado no visibles (Requisito n\u00famero 9.2.4.7 de UNE-EN 301549:2022)<\/p>\n<p>Podr\u00edan existir algunos textos en otro idioma no etiquetados correctamente. (Requisito n\u00famero 9.3.1.2 de UNE-EN 301549:2022)<\/p>\n<p>Podr\u00eda existir elementos que requieran la intervenci\u00f3n del usuario para los que no se proporcione etiquetas o instrucciones. (Requisito n\u00famero 9.3.3.2 de UNE-EN 301549:2022)<\/p>\n<p>Podr\u00edan existir en el contenido implementado mediante lenguajes de marcado elementos sin etiquetas de inicio y\/o finalizaci\u00f3n completas, elementos con atributos duplicados o sin identificador \u00fanico (Requisito n\u00famero 9.4.1.1 de UNE-EN 301549:2022)<\/p>\n<p>Carga desproporcionada<\/p>\n<p>No aplica.<\/p>\n<p>El contenido no entra dentro del \u00e1mbito de la legislaci\u00f3n aplicable<\/p>\n<p>Podr\u00edan existir archivos ofim\u00e1ticos en PDF u otros formatos publicados antes del 20 de septiembre de 2018 que no cumplan en su totalidad todos los requisitos de accesibilidad. Aunque se ha procurado que la mayor\u00eda de ellos s\u00ed lo cumplan.<\/p>\n<p>PREPARACI\u00d3N DE LA PRESENTE DECLARACI\u00d3N DE ACCESIBILIDAD<\/p>\n<p>La presente declaraci\u00f3n fue preparada el 12 de enero de 2024.<\/p>\n<p>El m\u00e9todo empleado para preparar la declaraci\u00f3n ha sido una autoevaluaci\u00f3n llevada a cabo por la propia entidad.<\/p>\n<p>\u00daltima revisi\u00f3n de la declaraci\u00f3n: 12 de enero de 2024.<\/p>\n<p>OBSERVACIONES Y DATOS DE CONTACTO<\/p>\n<p>Puede realizar comunicaciones sobre requisitos de accesibilidad (art\u00edculo 10.2.a del RD 1112\/2018) a trav\u00e9s de la siguiente direcci\u00f3n de correo electr\u00f3nico: <a target=\"_new\">info@conic.cat<\/a><\/p>\n<p>Por ejemplo: \u2022 Informar sobre cualquier posible incumplimiento por parte de este sitio web. \u2022 Transmitir otras dificultades de acceso al contenido. \u2022 Formular cualquier otra consulta o sugerencia de mejora relativa a la accesibilidad del sitio web.<\/p>\n<p>Tambi\u00e9n puede presentar: \u2022 Queja relativa al cumplimiento de los requisitos del RD 1112\/2018 \u2022 Solicitud de Informaci\u00f3n accesible relativa a: o Contenidos que est\u00e1n excluidos del \u00e1mbito de aplicaci\u00f3n del RD 1112\/2018 seg\u00fan lo establecido por el art\u00edculo 3, apartado 4. o Contenidos que est\u00e1n exentos del cumplimiento de los requisitos de accesibilidad por imponer una carga desproporcionada.<\/p>\n<p>En la Solicitud de informaci\u00f3n accesible, se debe concretar, con toda claridad, los hechos, razones y petici\u00f3n que permitan constatar que se trata de una solicitud razonable y leg\u00edtima.<\/p>\n<p>Las quejas y reclamaciones sobre informaci\u00f3n accesible se realizar\u00e1n a trav\u00e9s de la siguiente direcci\u00f3n de correo electr\u00f3nico: <a target=\"_new\">info@conic.cat<\/a><\/p>\n<p>CONTENIDO OPCIONAL<\/p>\n<p>Este sitio web se ha dise\u00f1ado adapt\u00e1ndose a los est\u00e1ndares y normativas vigentes en relaci\u00f3n a la accesibilidad, cumpliendo con los puntos de verificaci\u00f3n de prioridad 2 (AA) definidos en la especificaci\u00f3n de Pautas de Accesibilidad al Contenido en la Web (WCAG 2.1)<\/p>\n<p>Est\u00e1 dise\u00f1ado para su visualizaci\u00f3n responsiva, de modo que pueda visualizarse correctamente en dispositivos como tabletas electr\u00f3nicas y dispositivos m\u00f3viles.<\/p>\n<p>Asimismo, est\u00e1 dise\u00f1ado para poder cambiar el tama\u00f1o del texto mediante los men\u00fas definidos para ello seg\u00fan el navegador utilizado.<\/p>\n<p>Tambi\u00e9n puede realizarse mediante los siguientes atajos de teclado, presionando ambas teclas al mismo tiempo:<\/p>\n<p>\u2022 Ctrl + : aumentarlo. <br \/>\u2022 Ctrl &#8211; : disminuirlo. <br \/>\u2022 Ctrl 0 : restaurar tama\u00f1o original.<\/p>\n<p>Del mismo modo, si un usuario no dispone de rat\u00f3n podr\u00e1 moverse por los distintos elementos de la p\u00e1gina que visita a trav\u00e9s del teclado, mediante la tecla de tabulaci\u00f3n.<\/p>\n<\/div>\n<\/div>\n<\/div>\n<div class=\"mt-1 flex justify-start gap-3 empty:hidden\">\n<div class=\"text-gray-400 flex self-end lg:self-center justify-center lg:justify-start mt-0 -ml-1 visible\"> <\/div>\n<\/div>\n<form class=\"stretch mx-2 flex flex-row gap-3 last:mb-2 md:mx-4 md:last:mb-6 lg:mx-auto lg:max-w-2xl xl:max-w-3xl\">\n<div class=\"relative flex h-full flex-1 items-stretch md:flex-col\">\n<div class=\"flex w-full items-center\">\n<div class=\"overflow-hidden [&amp;:has(textarea:focus)]:border-token-border-xheavy [&amp;:has(textarea:focus)]:shadow-[0_2px_6px_rgba(0,0,0,.05)] flex flex-col w-full dark:border-token-border-heavy flex-grow relative border border-token-border-heavy dark:text-white rounded-2xl bg-white dark:bg-gray-800 shadow-[0_0_0_2px_rgba(255,255,255,0.95)] dark:shadow-[0_0_0_2px_rgba(52,53,65,0.95)]\"> <\/div>\n<\/div>\n<\/div>\n<\/form>\n<div class=\"relative px-2 py-2 text-center text-xs text-gray-600 dark:text-gray-300 md:px-[60px]\"> <\/div>\n\t\t\t\t\t\t\t\t<\/div>\n\t\t\t\t<\/div>\n\t\t\t\t\t<\/div>\n\t\t\t\t<\/div>\n\t\t\t\t<\/div>\n\t\t","protected":false},"excerpt":{"rendered":"<p>ACCESIBILIDAD Conic Studi SL se ha comprometido a hacer accesible su sitio web de conformidad con el Real Decreto 1112\/2018, de 7 de septiembre, sobre accesibilidad de los sitios web y aplicaciones para dispositivos m\u00f3viles del sector p\u00fablico. La presente declaraci\u00f3n de accesibilidad se aplica al sitio web https:\/\/conic.cat\/ SITUACI\u00d3N DE CUMPLIMIENTO Este sitio web [&hellip;]<\/p>\n","protected":false},"author":1,"featured_media":0,"parent":0,"menu_order":0,"comment_status":"closed","ping_status":"closed","template":"","meta":{"_acf_changed":false,"footnotes":""},"class_list":["post-2166","page","type-page","status-publish","hentry"],"acf":[],"yoast_head":"<!-- This site is optimized with the Yoast SEO plugin v26.4 - https:\/\/yoast.com\/wordpress\/plugins\/seo\/ -->\n<title>Accesibilidad - Conic<\/title>\n<meta name=\"robots\" content=\"index, follow, max-snippet:-1, max-image-preview:large, max-video-preview:-1\" \/>\n<link rel=\"canonical\" href=\"https:\/\/conic.cat\/accessibilitat\/\" \/>\n<meta property=\"og:locale\" content=\"es_ES\" \/>\n<meta property=\"og:type\" content=\"article\" \/>\n<meta property=\"og:title\" content=\"Accesibilidad - Conic\" \/>\n<meta property=\"og:description\" content=\"ACCESIBILIDAD Conic Studi SL se ha comprometido a hacer accesible su sitio web de conformidad con el Real Decreto 1112\/2018, de 7 de septiembre, sobre accesibilidad de los sitios web y aplicaciones para dispositivos m\u00f3viles del sector p\u00fablico. La presente declaraci\u00f3n de accesibilidad se aplica al sitio web https:\/\/conic.cat\/ SITUACI\u00d3N DE CUMPLIMIENTO Este sitio web [&hellip;]\" \/>\n<meta property=\"og:url\" content=\"https:\/\/conic.cat\/accessibilitat\/\" \/>\n<meta property=\"og:site_name\" content=\"Conic\" \/>\n<meta property=\"article:modified_time\" content=\"2024-01-26T09:16:16+00:00\" \/>\n<meta name=\"twitter:card\" content=\"summary_large_image\" \/>\n<meta name=\"twitter:label1\" content=\"Tiempo de lectura\" \/>\n\t<meta name=\"twitter:data1\" content=\"4 minutos\" \/>\n<script type=\"application\/ld+json\" class=\"yoast-schema-graph\">{\"@context\":\"https:\/\/schema.org\",\"@graph\":[{\"@type\":\"WebPage\",\"@id\":\"https:\/\/conic.cat\/accessibilitat\/\",\"url\":\"https:\/\/conic.cat\/accessibilitat\/\",\"name\":\"Accesibilidad - Conic\",\"isPartOf\":{\"@id\":\"https:\/\/conic.cat\/#website\"},\"datePublished\":\"2023-09-22T08:52:48+00:00\",\"dateModified\":\"2024-01-26T09:16:16+00:00\",\"breadcrumb\":{\"@id\":\"https:\/\/conic.cat\/accessibilitat\/#breadcrumb\"},\"inLanguage\":\"es\",\"potentialAction\":[{\"@type\":\"ReadAction\",\"target\":[\"https:\/\/conic.cat\/accessibilitat\/\"]}]},{\"@type\":\"BreadcrumbList\",\"@id\":\"https:\/\/conic.cat\/accessibilitat\/#breadcrumb\",\"itemListElement\":[{\"@type\":\"ListItem\",\"position\":1,\"name\":\"Inici\",\"item\":\"https:\/\/conic.cat\/es\/home\/\"},{\"@type\":\"ListItem\",\"position\":2,\"name\":\"Accesibilidad\"}]},{\"@type\":\"WebSite\",\"@id\":\"https:\/\/conic.cat\/#website\",\"url\":\"https:\/\/conic.cat\/\",\"name\":\"Conic\",\"description\":\"Obres - Projectes - Legalitzacions\",\"publisher\":{\"@id\":\"https:\/\/conic.cat\/#organization\"},\"potentialAction\":[{\"@type\":\"SearchAction\",\"target\":{\"@type\":\"EntryPoint\",\"urlTemplate\":\"https:\/\/conic.cat\/?s={search_term_string}\"},\"query-input\":{\"@type\":\"PropertyValueSpecification\",\"valueRequired\":true,\"valueName\":\"search_term_string\"}}],\"inLanguage\":\"es\"},{\"@type\":\"Organization\",\"@id\":\"https:\/\/conic.cat\/#organization\",\"name\":\"Conic\",\"url\":\"https:\/\/conic.cat\/\",\"logo\":{\"@type\":\"ImageObject\",\"inLanguage\":\"es\",\"@id\":\"https:\/\/conic.cat\/#\/schema\/logo\/image\/\",\"url\":\"https:\/\/conic.cat\/wp-content\/uploads\/2023\/09\/Conic-logo.svg\",\"contentUrl\":\"https:\/\/conic.cat\/wp-content\/uploads\/2023\/09\/Conic-logo.svg\",\"width\":850,\"height\":173,\"caption\":\"Conic\"},\"image\":{\"@id\":\"https:\/\/conic.cat\/#\/schema\/logo\/image\/\"}}]}<\/script>\n<!-- \/ Yoast SEO plugin. -->","yoast_head_json":{"title":"Accesibilidad - Conic","robots":{"index":"index","follow":"follow","max-snippet":"max-snippet:-1","max-image-preview":"max-image-preview:large","max-video-preview":"max-video-preview:-1"},"canonical":"https:\/\/conic.cat\/accessibilitat\/","og_locale":"es_ES","og_type":"article","og_title":"Accesibilidad - Conic","og_description":"ACCESIBILIDAD Conic Studi SL se ha comprometido a hacer accesible su sitio web de conformidad con el Real Decreto 1112\/2018, de 7 de septiembre, sobre accesibilidad de los sitios web y aplicaciones para dispositivos m\u00f3viles del sector p\u00fablico. La presente declaraci\u00f3n de accesibilidad se aplica al sitio web https:\/\/conic.cat\/ SITUACI\u00d3N DE CUMPLIMIENTO Este sitio web [&hellip;]","og_url":"https:\/\/conic.cat\/accessibilitat\/","og_site_name":"Conic","article_modified_time":"2024-01-26T09:16:16+00:00","twitter_card":"summary_large_image","twitter_misc":{"Tiempo de lectura":"4 minutos"},"schema":{"@context":"https:\/\/schema.org","@graph":[{"@type":"WebPage","@id":"https:\/\/conic.cat\/accessibilitat\/","url":"https:\/\/conic.cat\/accessibilitat\/","name":"Accesibilidad - Conic","isPartOf":{"@id":"https:\/\/conic.cat\/#website"},"datePublished":"2023-09-22T08:52:48+00:00","dateModified":"2024-01-26T09:16:16+00:00","breadcrumb":{"@id":"https:\/\/conic.cat\/accessibilitat\/#breadcrumb"},"inLanguage":"es","potentialAction":[{"@type":"ReadAction","target":["https:\/\/conic.cat\/accessibilitat\/"]}]},{"@type":"BreadcrumbList","@id":"https:\/\/conic.cat\/accessibilitat\/#breadcrumb","itemListElement":[{"@type":"ListItem","position":1,"name":"Inici","item":"https:\/\/conic.cat\/es\/home\/"},{"@type":"ListItem","position":2,"name":"Accesibilidad"}]},{"@type":"WebSite","@id":"https:\/\/conic.cat\/#website","url":"https:\/\/conic.cat\/","name":"Conic","description":"Obres - Projectes - Legalitzacions","publisher":{"@id":"https:\/\/conic.cat\/#organization"},"potentialAction":[{"@type":"SearchAction","target":{"@type":"EntryPoint","urlTemplate":"https:\/\/conic.cat\/?s={search_term_string}"},"query-input":{"@type":"PropertyValueSpecification","valueRequired":true,"valueName":"search_term_string"}}],"inLanguage":"es"},{"@type":"Organization","@id":"https:\/\/conic.cat\/#organization","name":"Conic","url":"https:\/\/conic.cat\/","logo":{"@type":"ImageObject","inLanguage":"es","@id":"https:\/\/conic.cat\/#\/schema\/logo\/image\/","url":"https:\/\/conic.cat\/wp-content\/uploads\/2023\/09\/Conic-logo.svg","contentUrl":"https:\/\/conic.cat\/wp-content\/uploads\/2023\/09\/Conic-logo.svg","width":850,"height":173,"caption":"Conic"},"image":{"@id":"https:\/\/conic.cat\/#\/schema\/logo\/image\/"}}]}},"_links":{"self":[{"href":"https:\/\/conic.cat\/es\/wp-json\/wp\/v2\/pages\/2166","targetHints":{"allow":["GET"]}}],"collection":[{"href":"https:\/\/conic.cat\/es\/wp-json\/wp\/v2\/pages"}],"about":[{"href":"https:\/\/conic.cat\/es\/wp-json\/wp\/v2\/types\/page"}],"author":[{"embeddable":true,"href":"https:\/\/conic.cat\/es\/wp-json\/wp\/v2\/users\/1"}],"replies":[{"embeddable":true,"href":"https:\/\/conic.cat\/es\/wp-json\/wp\/v2\/comments?post=2166"}],"version-history":[{"count":6,"href":"https:\/\/conic.cat\/es\/wp-json\/wp\/v2\/pages\/2166\/revisions"}],"predecessor-version":[{"id":2183,"href":"https:\/\/conic.cat\/es\/wp-json\/wp\/v2\/pages\/2166\/revisions\/2183"}],"wp:attachment":[{"href":"https:\/\/conic.cat\/es\/wp-json\/wp\/v2\/media?parent=2166"}],"curies":[{"name":"wp","href":"https:\/\/api.w.org\/{rel}","templated":true}]}}