{"id":1669,"date":"2023-09-20T10:10:08","date_gmt":"2023-09-20T10:10:08","guid":{"rendered":"https:\/\/conic.cat\/aviso-legal\/"},"modified":"2023-11-02T16:26:21","modified_gmt":"2023-11-02T16:26:21","slug":"aviso-legal","status":"publish","type":"page","link":"https:\/\/conic.cat\/es\/aviso-legal\/","title":{"rendered":"Aviso legal"},"content":{"rendered":"\t\t<div data-elementor-type=\"wp-page\" data-elementor-id=\"1669\" class=\"elementor elementor-1669 elementor-107\" data-elementor-post-type=\"page\">\n\t\t\t\t<div class=\"elementor-element elementor-element-17988b5 e-flex e-con-boxed e-con e-parent\" data-id=\"17988b5\" data-element_type=\"container\">\n\t\t\t\t\t<div class=\"e-con-inner\">\n\t\t\t\t<div class=\"elementor-element elementor-element-d183700 elementor-widget elementor-widget-text-editor\" data-id=\"d183700\" data-element_type=\"widget\" data-widget_type=\"text-editor.default\">\n\t\t\t\t<div class=\"elementor-widget-container\">\n\t\t\t\t\t\t\t\t\t<div data-id=\"37df0e2\" data-element_type=\"widget\" data-widget_type=\"heading.default\">\n<div>\n<h1>Aviso legal<\/h1>\n<\/div>\n<\/div>\n<div data-id=\"23084b6\" data-element_type=\"widget\" data-widget_type=\"text-editor.default\">\n<div>\n<p>Est\u00e1s en un espacio comprometido con los derechos de sus usuarios y por esta raz\u00f3n, tendr\u00e1s m\u00e1xima transparencia y rigor sobre todo que necesitas saber sobre esta web.<\/p>\n<p>Esta web cumple rigurosamente con la Ley Org\u00e1nica 3\/2018, de 5 de diciembre, de Protecci\u00f3n de Datos Personales y garant\u00eda de los derechos digitales (LOPDGDD). Cumple tambi\u00e9n con el Reglamento (UE) 2016\/679 del Parlamento Europeo y del Consejo de 27 de abril de 2016 relativo a la protecci\u00f3n de las personas f\u00edsicas (RGPD), as\u00ed como con la Ley 34\/2002, de 11 de julio, de Servicios de la Sociedad de la Informaci\u00f3n y Comercio Electr\u00f3nico (LSSICE o LSSI).<\/p>\n<p>Los servicios y\/o productos est\u00e1n disponibles s\u00f3lo para las personas jur\u00eddicas y las personas que tengan 16 a\u00f1os.<\/p>\n<h2>Identificador del responsable de la web<\/h2>\n<p><strong>Denominaci\u00f3n social: Conic Studi SL<br \/><\/strong><\/p>\n<p><strong>NIF: B66247875<br \/><\/strong><\/p>\n<p><strong>Correo electr\u00f3nico: info@conic.cat<\/strong><\/p>\n<p><strong>Domicilio social: Balmes, 87, 3-2 08008 BARCELONA<br \/><\/strong><\/p>\n<p><strong>Su actividad social es: Servicios de consultor\u00eda y construcci\u00f3n<br \/><\/strong><\/p>\n<h2>\u00bfTe preocupan tus datos personales?<\/h2>\n<p>Lee la <a href=\"https:\/\/conic.cat\/politica-de-privacidad\/\">Pol\u00edtica de Privacidad.<\/a><\/p>\n<h2>Compromisos y obligaciones de los usuarios<\/h2>\n<p>El usuario queda informado, y acepta, que el acceso a la presente web no supone, en modo alguno, el inicio de una relaci\u00f3n comercial con Conic Estudi SL . De esta forma, el usuario se compromete a utilizar el sitio web, sus servicios y contenidos sin contravenir la legislaci\u00f3n vigente, la buena fe y el orden p\u00fablico.<\/p>\n<p>Queda prohibido el uso de la web, con fines il\u00edcitos o lesivos, o que, de cualquier forma, puedan causar perjuicio o impedir el normal funcionamiento del sitio web. Respecto de los contenidos de esta web, se proh\u00edbe:<\/p>\n<ul>\n<li>Su reproducci\u00f3n, distribuci\u00f3n o modificaci\u00f3n, total o parcial, a menos que se cuente con mi autorizaci\u00f3n como leg\u00edtimo titular.<\/li>\n<li>Cualquier vulneraci\u00f3n de los derechos del prestador o de mi como leg\u00edtimo titular.<\/li>\n<li>Su utilizaci\u00f3n para fines comerciales o publicitarios.<\/li>\n<\/ul>\n<p>En la utilizaci\u00f3n de la web conic.cat el usuario se compromete a no llevar a cabo ninguna conducta que pudiera da\u00f1ar la imagen, los intereses y los derechos de Conic Estudi SL o de terceros, o que pudiera da\u00f1ar, inutilizar o sobrecargar el portal conic.cat, o que impidiera, de cualquier forma, la normal utilizaci\u00f3n de la web.<\/p>\n<p>No obstante, el usuario debe ser consciente de que las medidas de seguridad de los sistemas inform\u00e1ticos en Internet no son enteramente fiables y que, por tanto, conic.cat no puede garantizar la inexistencia de malware u otros elementos que puedan producir alteraciones en los sistemas inform\u00e1ticos (software y hardware) del usuario o en sus documentos electr\u00f3nicos y ficheros contenidos en los mismos, aunque pongo todos los medios necesarios y las medidas de seguridad oportunas para evitar la presencia de estos elementos da\u00f1inos.<\/p>\n<h2>Medidas de seguridad<\/h2>\n<p>Los datos personales comunicados por el usuario a Conic Estudi SL pueden ser almacenados en bases de datos automatizadas o no, cuya titularidad corresponde en exclusiva a Conic Estudi SL , asumiendo \u00e9sta todas las medidas de \u00edndole t\u00e9cnica, organizativa y de seguridad que garantizan la confidencialidad, integridad y calidad de la informaci\u00f3n contenida en las mismas de acuerdo con lo establecido en la normativa vigente en protecci\u00f3n de datos.<\/p>\n<p>La comunicaci\u00f3n entre los usuarios y conic.cat utiliza un canal seguro, y los datos transmitidos son cifrados gracias al protocolo https, por tanto, dispongo las mejores condiciones de seguridad para que la confidencialidad de los usuarios est\u00e9 garantizada.<\/p>\n<h2>Plataforma de resoluci\u00f3n de conflictos<\/h2>\n<p>Pongo tambi\u00e9n a disposici\u00f3n de los usuarios la plataforma de resoluci\u00f3n de litigios que facilita la Comisi\u00f3n Europea y que se encuentra disponible en el siguiente enlace: <a href=\"http:\/\/ec.europa.eu\/consumers\/odr\/\">http:\/\/ec.europa.eu\/consumers\/odr\/<\/a> (enlazar)<\/p>\n<h2>Exclusi\u00f3n de garant\u00edas y responsable<\/h2>\n<p>Conic Estudi SL no otorga ninguna garant\u00eda ni se hace responsable, en ning\u00fan caso, de los da\u00f1os y perjuicios de cualquier naturaleza que pudieran traer causa de:<\/p>\n<ul>\n<li>La falta de disponibilidad, mantenimiento y efectivo funcionamiento de la web, o de sus servicios y contenidos.<\/li>\n<li>La existencia de malware, programas maliciosos o lesivos en los contenidos.<\/li>\n<li>El uso il\u00edcito, negligente, fraudulento o contrario a este Aviso Legal.<\/li>\n<li>La falta de licitud, calidad, fiabilidad, utilidad y disponibilidad de los servicios prestados por terceros y puestos a disposici\u00f3n de los usuarios en el sitio web.<\/li>\n<li>El prestador no se hace responsable bajo ning\u00fan concepto de los da\u00f1os que pudieran dimanar del uso ilegal o indebido de la presente p\u00e1gina web.<\/li>\n<\/ul>\n<h2>Ley aplicable y jurisdicci\u00f3n<\/h2>\n<p>Con car\u00e1cter general las relaciones entre Conic Estudi SL y los usuarios de sus servicios telem\u00e1ticos presentes en esta web, se encuentran sometidas a la legislaci\u00f3n y jurisdicci\u00f3n espa\u00f1olas y a los tribunales de Barcelona (Espa\u00f1a).<\/p>\n<p>En caso de que cualquier usuario tuviese alguna duda acerca de las condiciones de este Aviso Legal o cualquier comentario sobre el portal conic.cat, por favor dir\u00edjase a info@conic.cat.<\/p>\n<p>El Aviso Legal ha sido actualizado por \u00faltima vez el 04 de Octubre de 2023.<\/p>\n<\/div>\n<\/div>\n\t\t\t\t\t\t\t\t<\/div>\n\t\t\t\t<\/div>\n\t\t\t\t\t<\/div>\n\t\t\t\t<\/div>\n\t\t\t\t<\/div>\n\t\t","protected":false},"excerpt":{"rendered":"<p>Aviso legal Est\u00e1s en un espacio comprometido con los derechos de sus usuarios y por esta raz\u00f3n, tendr\u00e1s m\u00e1xima transparencia y rigor sobre todo que necesitas saber sobre esta web. Esta web cumple rigurosamente con la Ley Org\u00e1nica 3\/2018, de 5 de diciembre, de Protecci\u00f3n de Datos Personales y garant\u00eda de los derechos digitales (LOPDGDD). [&hellip;]<\/p>\n","protected":false},"author":1,"featured_media":0,"parent":0,"menu_order":0,"comment_status":"closed","ping_status":"closed","template":"","meta":{"_acf_changed":false,"footnotes":""},"class_list":["post-1669","page","type-page","status-publish","hentry"],"acf":[],"yoast_head":"<!-- This site is optimized with the Yoast SEO plugin v26.4 - https:\/\/yoast.com\/wordpress\/plugins\/seo\/ -->\n<title>Aviso legal - Conic<\/title>\n<meta name=\"robots\" content=\"index, follow, max-snippet:-1, max-image-preview:large, max-video-preview:-1\" \/>\n<link rel=\"canonical\" href=\"https:\/\/conic.cat\/aviso-legal\/\" \/>\n<meta property=\"og:locale\" content=\"es_ES\" \/>\n<meta property=\"og:type\" content=\"article\" \/>\n<meta property=\"og:title\" content=\"Aviso legal - Conic\" \/>\n<meta property=\"og:description\" content=\"Aviso legal Est\u00e1s en un espacio comprometido con los derechos de sus usuarios y por esta raz\u00f3n, tendr\u00e1s m\u00e1xima transparencia y rigor sobre todo que necesitas saber sobre esta web. Esta web cumple rigurosamente con la Ley Org\u00e1nica 3\/2018, de 5 de diciembre, de Protecci\u00f3n de Datos Personales y garant\u00eda de los derechos digitales (LOPDGDD). [&hellip;]\" \/>\n<meta property=\"og:url\" content=\"https:\/\/conic.cat\/aviso-legal\/\" \/>\n<meta property=\"og:site_name\" content=\"Conic\" \/>\n<meta property=\"article:modified_time\" content=\"2023-11-02T16:26:21+00:00\" \/>\n<meta name=\"twitter:card\" content=\"summary_large_image\" \/>\n<meta name=\"twitter:label1\" content=\"Tiempo de lectura\" \/>\n\t<meta name=\"twitter:data1\" content=\"4 minutos\" \/>\n<script type=\"application\/ld+json\" class=\"yoast-schema-graph\">{\"@context\":\"https:\/\/schema.org\",\"@graph\":[{\"@type\":\"WebPage\",\"@id\":\"https:\/\/conic.cat\/aviso-legal\/\",\"url\":\"https:\/\/conic.cat\/aviso-legal\/\",\"name\":\"Aviso legal - Conic\",\"isPartOf\":{\"@id\":\"https:\/\/conic.cat\/#website\"},\"datePublished\":\"2023-09-20T10:10:08+00:00\",\"dateModified\":\"2023-11-02T16:26:21+00:00\",\"breadcrumb\":{\"@id\":\"https:\/\/conic.cat\/aviso-legal\/#breadcrumb\"},\"inLanguage\":\"es\",\"potentialAction\":[{\"@type\":\"ReadAction\",\"target\":[\"https:\/\/conic.cat\/aviso-legal\/\"]}]},{\"@type\":\"BreadcrumbList\",\"@id\":\"https:\/\/conic.cat\/aviso-legal\/#breadcrumb\",\"itemListElement\":[{\"@type\":\"ListItem\",\"position\":1,\"name\":\"Inici\",\"item\":\"https:\/\/conic.cat\/es\/home\/\"},{\"@type\":\"ListItem\",\"position\":2,\"name\":\"Aviso legal\"}]},{\"@type\":\"WebSite\",\"@id\":\"https:\/\/conic.cat\/#website\",\"url\":\"https:\/\/conic.cat\/\",\"name\":\"Conic\",\"description\":\"Obres - Projectes - Legalitzacions\",\"publisher\":{\"@id\":\"https:\/\/conic.cat\/#organization\"},\"potentialAction\":[{\"@type\":\"SearchAction\",\"target\":{\"@type\":\"EntryPoint\",\"urlTemplate\":\"https:\/\/conic.cat\/?s={search_term_string}\"},\"query-input\":{\"@type\":\"PropertyValueSpecification\",\"valueRequired\":true,\"valueName\":\"search_term_string\"}}],\"inLanguage\":\"es\"},{\"@type\":\"Organization\",\"@id\":\"https:\/\/conic.cat\/#organization\",\"name\":\"Conic\",\"url\":\"https:\/\/conic.cat\/\",\"logo\":{\"@type\":\"ImageObject\",\"inLanguage\":\"es\",\"@id\":\"https:\/\/conic.cat\/#\/schema\/logo\/image\/\",\"url\":\"https:\/\/conic.cat\/wp-content\/uploads\/2023\/09\/Conic-logo.svg\",\"contentUrl\":\"https:\/\/conic.cat\/wp-content\/uploads\/2023\/09\/Conic-logo.svg\",\"width\":850,\"height\":173,\"caption\":\"Conic\"},\"image\":{\"@id\":\"https:\/\/conic.cat\/#\/schema\/logo\/image\/\"}}]}<\/script>\n<!-- \/ Yoast SEO plugin. -->","yoast_head_json":{"title":"Aviso legal - Conic","robots":{"index":"index","follow":"follow","max-snippet":"max-snippet:-1","max-image-preview":"max-image-preview:large","max-video-preview":"max-video-preview:-1"},"canonical":"https:\/\/conic.cat\/aviso-legal\/","og_locale":"es_ES","og_type":"article","og_title":"Aviso legal - Conic","og_description":"Aviso legal Est\u00e1s en un espacio comprometido con los derechos de sus usuarios y por esta raz\u00f3n, tendr\u00e1s m\u00e1xima transparencia y rigor sobre todo que necesitas saber sobre esta web. Esta web cumple rigurosamente con la Ley Org\u00e1nica 3\/2018, de 5 de diciembre, de Protecci\u00f3n de Datos Personales y garant\u00eda de los derechos digitales (LOPDGDD). [&hellip;]","og_url":"https:\/\/conic.cat\/aviso-legal\/","og_site_name":"Conic","article_modified_time":"2023-11-02T16:26:21+00:00","twitter_card":"summary_large_image","twitter_misc":{"Tiempo de lectura":"4 minutos"},"schema":{"@context":"https:\/\/schema.org","@graph":[{"@type":"WebPage","@id":"https:\/\/conic.cat\/aviso-legal\/","url":"https:\/\/conic.cat\/aviso-legal\/","name":"Aviso legal - Conic","isPartOf":{"@id":"https:\/\/conic.cat\/#website"},"datePublished":"2023-09-20T10:10:08+00:00","dateModified":"2023-11-02T16:26:21+00:00","breadcrumb":{"@id":"https:\/\/conic.cat\/aviso-legal\/#breadcrumb"},"inLanguage":"es","potentialAction":[{"@type":"ReadAction","target":["https:\/\/conic.cat\/aviso-legal\/"]}]},{"@type":"BreadcrumbList","@id":"https:\/\/conic.cat\/aviso-legal\/#breadcrumb","itemListElement":[{"@type":"ListItem","position":1,"name":"Inici","item":"https:\/\/conic.cat\/es\/home\/"},{"@type":"ListItem","position":2,"name":"Aviso legal"}]},{"@type":"WebSite","@id":"https:\/\/conic.cat\/#website","url":"https:\/\/conic.cat\/","name":"Conic","description":"Obres - Projectes - Legalitzacions","publisher":{"@id":"https:\/\/conic.cat\/#organization"},"potentialAction":[{"@type":"SearchAction","target":{"@type":"EntryPoint","urlTemplate":"https:\/\/conic.cat\/?s={search_term_string}"},"query-input":{"@type":"PropertyValueSpecification","valueRequired":true,"valueName":"search_term_string"}}],"inLanguage":"es"},{"@type":"Organization","@id":"https:\/\/conic.cat\/#organization","name":"Conic","url":"https:\/\/conic.cat\/","logo":{"@type":"ImageObject","inLanguage":"es","@id":"https:\/\/conic.cat\/#\/schema\/logo\/image\/","url":"https:\/\/conic.cat\/wp-content\/uploads\/2023\/09\/Conic-logo.svg","contentUrl":"https:\/\/conic.cat\/wp-content\/uploads\/2023\/09\/Conic-logo.svg","width":850,"height":173,"caption":"Conic"},"image":{"@id":"https:\/\/conic.cat\/#\/schema\/logo\/image\/"}}]}},"_links":{"self":[{"href":"https:\/\/conic.cat\/es\/wp-json\/wp\/v2\/pages\/1669","targetHints":{"allow":["GET"]}}],"collection":[{"href":"https:\/\/conic.cat\/es\/wp-json\/wp\/v2\/pages"}],"about":[{"href":"https:\/\/conic.cat\/es\/wp-json\/wp\/v2\/types\/page"}],"author":[{"embeddable":true,"href":"https:\/\/conic.cat\/es\/wp-json\/wp\/v2\/users\/1"}],"replies":[{"embeddable":true,"href":"https:\/\/conic.cat\/es\/wp-json\/wp\/v2\/comments?post=1669"}],"version-history":[{"count":3,"href":"https:\/\/conic.cat\/es\/wp-json\/wp\/v2\/pages\/1669\/revisions"}],"predecessor-version":[{"id":1672,"href":"https:\/\/conic.cat\/es\/wp-json\/wp\/v2\/pages\/1669\/revisions\/1672"}],"wp:attachment":[{"href":"https:\/\/conic.cat\/es\/wp-json\/wp\/v2\/media?parent=1669"}],"curies":[{"name":"wp","href":"https:\/\/api.w.org\/{rel}","templated":true}]}}