{"id":1500,"date":"2023-09-19T11:03:57","date_gmt":"2023-09-19T11:03:57","guid":{"rendered":"https:\/\/conic.cat\/estudio\/"},"modified":"2023-11-02T15:00:24","modified_gmt":"2023-11-02T15:00:24","slug":"estudio","status":"publish","type":"page","link":"https:\/\/conic.cat\/es\/estudio\/","title":{"rendered":"Estudio"},"content":{"rendered":"\t\t<div data-elementor-type=\"wp-page\" data-elementor-id=\"1500\" class=\"elementor elementor-1500 elementor-32\" data-elementor-post-type=\"page\">\n\t\t\t\t<div class=\"elementor-element elementor-element-76445d5 e-con-full e-flex e-con e-parent\" data-id=\"76445d5\" data-element_type=\"container\">\n\t\t\t\t<div class=\"elementor-element elementor-element-ce9e691 elementor-widget elementor-widget-heading\" data-id=\"ce9e691\" data-element_type=\"widget\" data-widget_type=\"heading.default\">\n\t\t\t\t<div class=\"elementor-widget-container\">\n\t\t\t\t\t<h1 class=\"elementor-heading-title elementor-size-default\">EL ESTUDIO<\/h1>\t\t\t\t<\/div>\n\t\t\t\t<\/div>\n\t\t<div class=\"elementor-element elementor-element-fd82e75 e-flex e-con-boxed e-con e-child\" data-id=\"fd82e75\" data-element_type=\"container\" data-settings=\"{&quot;background_background&quot;:&quot;classic&quot;}\">\n\t\t\t\t\t<div class=\"e-con-inner\">\n\t\t\t\t<div class=\"elementor-element elementor-element-7fa5ce1 elementor-widget elementor-widget-spacer\" data-id=\"7fa5ce1\" data-element_type=\"widget\" data-widget_type=\"spacer.default\">\n\t\t\t\t<div class=\"elementor-widget-container\">\n\t\t\t\t\t\t\t<div class=\"elementor-spacer\">\n\t\t\t<div class=\"elementor-spacer-inner\"><\/div>\n\t\t<\/div>\n\t\t\t\t\t\t<\/div>\n\t\t\t\t<\/div>\n\t\t\t\t\t<\/div>\n\t\t\t\t<\/div>\n\t\t\t\t<div class=\"elementor-element elementor-element-1c2ecbd elementor-widget-divider--view-line elementor-widget elementor-widget-divider\" data-id=\"1c2ecbd\" data-element_type=\"widget\" data-widget_type=\"divider.default\">\n\t\t\t\t<div class=\"elementor-widget-container\">\n\t\t\t\t\t\t\t<div class=\"elementor-divider\">\n\t\t\t<span class=\"elementor-divider-separator\">\n\t\t\t\t\t\t<\/span>\n\t\t<\/div>\n\t\t\t\t\t\t<\/div>\n\t\t\t\t<\/div>\n\t\t\t\t<\/div>\n\t\t<div class=\"elementor-element elementor-element-09ae72a e-con-full e-flex e-con e-parent\" data-id=\"09ae72a\" data-element_type=\"container\">\n\t\t<div class=\"elementor-element elementor-element-5e84158 e-con-full e-flex e-con e-child\" data-id=\"5e84158\" data-element_type=\"container\">\n\t\t\t\t<div class=\"elementor-element elementor-element-3959203 elementor-widget elementor-widget-heading\" data-id=\"3959203\" data-element_type=\"widget\" data-widget_type=\"heading.default\">\n\t\t\t\t<div class=\"elementor-widget-container\">\n\t\t\t\t\t<h2 class=\"elementor-heading-title elementor-size-default\">NOSOTROS<\/h2>\t\t\t\t<\/div>\n\t\t\t\t<\/div>\n\t\t\t\t<\/div>\n\t\t<div class=\"elementor-element elementor-element-a7de074 e-con-full e-flex e-con e-child\" data-id=\"a7de074\" data-element_type=\"container\">\n\t\t\t\t<div class=\"elementor-element elementor-element-489294e elementor-widget elementor-widget-text-editor\" data-id=\"489294e\" data-element_type=\"widget\" data-widget_type=\"text-editor.default\">\n\t\t\t\t<div class=\"elementor-widget-container\">\n\t\t\t\t\t\t\t\t\t<p>Empresa constructora joven y din\u00e1mica, con m\u00e1s de 15 a\u00f1os de experiencia en el sector, formada por un equipo de personas polivalentes, con amplia trayectoria en la creaci\u00f3n y ejecuci\u00f3n de espacio, especializados en obras de locales comerciales, oficinas y viviendas <br \/>Colaboramos estrechamente con varios despachos de arquitectura y de interiorismo.<br \/>El cuidado por los detalles y b\u00fasqueda de la calidad nos ha permitido, durante estos a\u00f1os, ganar la confianza de nuestros clientes y crecer junto a ellos.<\/p>\n\t\t\t\t\t\t\t\t<\/div>\n\t\t\t\t<\/div>\n\t\t\t\t<\/div>\n\t\t\t\t<\/div>\n\t\t<div class=\"elementor-element elementor-element-83946e3 e-con-full e-flex e-con e-parent\" data-id=\"83946e3\" data-element_type=\"container\">\n\t\t\t\t<div class=\"elementor-element elementor-element-f3c5f24 elementor-widget-divider--view-line elementor-widget elementor-widget-divider\" data-id=\"f3c5f24\" data-element_type=\"widget\" data-widget_type=\"divider.default\">\n\t\t\t\t<div class=\"elementor-widget-container\">\n\t\t\t\t\t\t\t<div class=\"elementor-divider\">\n\t\t\t<span class=\"elementor-divider-separator\">\n\t\t\t\t\t\t<\/span>\n\t\t<\/div>\n\t\t\t\t\t\t<\/div>\n\t\t\t\t<\/div>\n\t\t\t\t<\/div>\n\t\t<div class=\"elementor-element elementor-element-9c06c3d e-con-full e-flex e-con e-parent\" data-id=\"9c06c3d\" data-element_type=\"container\">\n\t\t<div class=\"elementor-element elementor-element-ab4c8fa e-con-full e-flex e-con e-child\" data-id=\"ab4c8fa\" data-element_type=\"container\">\n\t\t\t\t<div class=\"elementor-element elementor-element-f19d4a7 elementor-widget elementor-widget-heading\" data-id=\"f19d4a7\" data-element_type=\"widget\" data-widget_type=\"heading.default\">\n\t\t\t\t<div class=\"elementor-widget-container\">\n\t\t\t\t\t<h2 class=\"elementor-heading-title elementor-size-default\">EL EQUIPO<\/h2>\t\t\t\t<\/div>\n\t\t\t\t<\/div>\n\t\t\t\t<\/div>\n\t\t<div class=\"elementor-element elementor-element-fb74eac e-con-full e-flex e-con e-child\" data-id=\"fb74eac\" data-element_type=\"container\">\n\t\t<div class=\"elementor-element elementor-element-66e9cf1 e-flex e-con-boxed e-con e-child\" data-id=\"66e9cf1\" data-element_type=\"container\">\n\t\t\t\t\t<div class=\"e-con-inner\">\n\t\t\t\t<div class=\"elementor-element elementor-element-5c6041d elementor-widget elementor-widget-image\" data-id=\"5c6041d\" data-element_type=\"widget\" data-widget_type=\"image.default\">\n\t\t\t\t<div class=\"elementor-widget-container\">\n\t\t\t\t\t\t\t\t\t\t\t\t\t\t\t<img decoding=\"async\" src=\"https:\/\/conic.cat\/wp-content\/plugins\/elementor\/assets\/images\/placeholder.png\" title=\"\" alt=\"\" loading=\"lazy\" \/>\t\t\t\t\t\t\t\t\t\t\t\t\t\t\t<\/div>\n\t\t\t\t<\/div>\n\t\t\t\t<div class=\"elementor-element elementor-element-ed3033e elementor-widget elementor-widget-heading\" data-id=\"ed3033e\" data-element_type=\"widget\" data-widget_type=\"heading.default\">\n\t\t\t\t<div class=\"elementor-widget-container\">\n\t\t\t\t\t<h4 class=\"elementor-heading-title elementor-size-default\">JORDI PALOMERAS<\/h4>\t\t\t\t<\/div>\n\t\t\t\t<\/div>\n\t\t\t\t<div class=\"elementor-element elementor-element-9fd4fbd elementor-widget elementor-widget-text-editor\" data-id=\"9fd4fbd\" data-element_type=\"widget\" data-widget_type=\"text-editor.default\">\n\t\t\t\t<div class=\"elementor-widget-container\">\n\t\t\t\t\t\t\t\t\t<p><strong>Arquitectura T\u00e9cnica y Edificaci\u00f3n<\/strong><br \/>Universidad Polit\u00e9cnica de Catalu\u00f1a<\/p>\n<p><strong>Licenciado en Interiorismo <\/strong><br \/>Escuela de Arte de Vic<\/p>\n\t\t\t\t\t\t\t\t<\/div>\n\t\t\t\t<\/div>\n\t\t\t\t\t<\/div>\n\t\t\t\t<\/div>\n\t\t<div class=\"elementor-element elementor-element-12d4661 e-flex e-con-boxed e-con e-child\" data-id=\"12d4661\" data-element_type=\"container\">\n\t\t\t\t\t<div class=\"e-con-inner\">\n\t\t\t\t<div class=\"elementor-element elementor-element-b44df2b elementor-widget elementor-widget-image\" data-id=\"b44df2b\" data-element_type=\"widget\" data-widget_type=\"image.default\">\n\t\t\t\t<div class=\"elementor-widget-container\">\n\t\t\t\t\t\t\t\t\t\t\t\t\t\t\t<img decoding=\"async\" src=\"https:\/\/conic.cat\/wp-content\/plugins\/elementor\/assets\/images\/placeholder.png\" title=\"\" alt=\"\" loading=\"lazy\" \/>\t\t\t\t\t\t\t\t\t\t\t\t\t\t\t<\/div>\n\t\t\t\t<\/div>\n\t\t\t\t<div class=\"elementor-element elementor-element-83849f4 elementor-widget elementor-widget-heading\" data-id=\"83849f4\" data-element_type=\"widget\" data-widget_type=\"heading.default\">\n\t\t\t\t<div class=\"elementor-widget-container\">\n\t\t\t\t\t<h4 class=\"elementor-heading-title elementor-size-default\">DANIEL BORR\u00d3S <\/h4>\t\t\t\t<\/div>\n\t\t\t\t<\/div>\n\t\t\t\t<div class=\"elementor-element elementor-element-c06f87c elementor-widget elementor-widget-text-editor\" data-id=\"c06f87c\" data-element_type=\"widget\" data-widget_type=\"text-editor.default\">\n\t\t\t\t<div class=\"elementor-widget-container\">\n\t\t\t\t\t\t\t\t\t<p><strong>Dise\u00f1o de Interiores<\/strong><br \/>y Mobiliario Instituto Europeo di Design (IED)<\/p>\n<p><strong>Master en Construction Management<\/strong> <br \/>La Salle<\/p>\n\t\t\t\t\t\t\t\t<\/div>\n\t\t\t\t<\/div>\n\t\t\t\t\t<\/div>\n\t\t\t\t<\/div>\n\t\t<div class=\"elementor-element elementor-element-30d5061 e-flex e-con-boxed e-con e-child\" data-id=\"30d5061\" data-element_type=\"container\">\n\t\t\t\t\t<div class=\"e-con-inner\">\n\t\t\t\t<div class=\"elementor-element elementor-element-f1b1e73 elementor-widget elementor-widget-image\" data-id=\"f1b1e73\" data-element_type=\"widget\" data-widget_type=\"image.default\">\n\t\t\t\t<div class=\"elementor-widget-container\">\n\t\t\t\t\t\t\t\t\t\t\t\t\t\t\t<img decoding=\"async\" src=\"https:\/\/conic.cat\/wp-content\/plugins\/elementor\/assets\/images\/placeholder.png\" title=\"\" alt=\"\" loading=\"lazy\" \/>\t\t\t\t\t\t\t\t\t\t\t\t\t\t\t<\/div>\n\t\t\t\t<\/div>\n\t\t\t\t<div class=\"elementor-element elementor-element-c8307d3 elementor-widget elementor-widget-heading\" data-id=\"c8307d3\" data-element_type=\"widget\" data-widget_type=\"heading.default\">\n\t\t\t\t<div class=\"elementor-widget-container\">\n\t\t\t\t\t<h4 class=\"elementor-heading-title elementor-size-default\">CRISTINA FERRANDIZ<\/h4>\t\t\t\t<\/div>\n\t\t\t\t<\/div>\n\t\t\t\t<div class=\"elementor-element elementor-element-4a56159 elementor-widget elementor-widget-text-editor\" data-id=\"4a56159\" data-element_type=\"widget\" data-widget_type=\"text-editor.default\">\n\t\t\t\t<div class=\"elementor-widget-container\">\n\t\t\t\t\t\t\t\t\t<p><strong>Dise\u00f1o de Interiores<\/strong><br \/>y Mobiliario Instituto Europeo di Design (IED)<\/p>\n<p><strong>Master en Construction Management<\/strong> <br \/>La Salle<\/p>\n\t\t\t\t\t\t\t\t<\/div>\n\t\t\t\t<\/div>\n\t\t\t\t\t<\/div>\n\t\t\t\t<\/div>\n\t\t\t\t<\/div>\n\t\t\t\t<\/div>\n\t\t\t\t<\/div>\n\t\t","protected":false},"excerpt":{"rendered":"<p>EL ESTUDIO NOSOTROS Empresa constructora joven y din\u00e1mica, con m\u00e1s de 15 a\u00f1os de experiencia en el sector, formada por un equipo de personas polivalentes, con amplia trayectoria en la creaci\u00f3n y ejecuci\u00f3n de espacio, especializados en obras de locales comerciales, oficinas y viviendas Colaboramos estrechamente con varios despachos de arquitectura y de interiorismo.El cuidado [&hellip;]<\/p>\n","protected":false},"author":1,"featured_media":0,"parent":0,"menu_order":0,"comment_status":"closed","ping_status":"closed","template":"elementor_header_footer","meta":{"_acf_changed":false,"footnotes":""},"class_list":["post-1500","page","type-page","status-publish","hentry"],"acf":[],"yoast_head":"<!-- This site is optimized with the Yoast SEO plugin v26.4 - https:\/\/yoast.com\/wordpress\/plugins\/seo\/ -->\n<title>Estudio - Conic<\/title>\n<meta name=\"robots\" content=\"index, follow, max-snippet:-1, max-image-preview:large, max-video-preview:-1\" \/>\n<link rel=\"canonical\" href=\"https:\/\/conic.cat\/estudi\/\" \/>\n<meta property=\"og:locale\" content=\"es_ES\" \/>\n<meta property=\"og:type\" content=\"article\" \/>\n<meta property=\"og:title\" content=\"Estudio - Conic\" \/>\n<meta property=\"og:description\" content=\"EL ESTUDIO NOSOTROS Empresa constructora joven y din\u00e1mica, con m\u00e1s de 15 a\u00f1os de experiencia en el sector, formada por un equipo de personas polivalentes, con amplia trayectoria en la creaci\u00f3n y ejecuci\u00f3n de espacio, especializados en obras de locales comerciales, oficinas y viviendas Colaboramos estrechamente con varios despachos de arquitectura y de interiorismo.El cuidado [&hellip;]\" \/>\n<meta property=\"og:url\" content=\"https:\/\/conic.cat\/estudi\/\" \/>\n<meta property=\"og:site_name\" content=\"Conic\" \/>\n<meta property=\"article:modified_time\" content=\"2023-11-02T15:00:24+00:00\" \/>\n<meta property=\"og:image\" content=\"https:\/\/conic.cat\/wp-content\/plugins\/elementor\/assets\/images\/placeholder.png\" \/>\n<meta name=\"twitter:card\" content=\"summary_large_image\" \/>\n<meta name=\"twitter:label1\" content=\"Tiempo de lectura\" \/>\n\t<meta name=\"twitter:data1\" content=\"1 minuto\" \/>\n<script type=\"application\/ld+json\" class=\"yoast-schema-graph\">{\"@context\":\"https:\/\/schema.org\",\"@graph\":[{\"@type\":\"WebPage\",\"@id\":\"https:\/\/conic.cat\/estudi\/\",\"url\":\"https:\/\/conic.cat\/estudi\/\",\"name\":\"Estudio - Conic\",\"isPartOf\":{\"@id\":\"https:\/\/conic.cat\/#website\"},\"primaryImageOfPage\":{\"@id\":\"https:\/\/conic.cat\/estudi\/#primaryimage\"},\"image\":{\"@id\":\"https:\/\/conic.cat\/estudi\/#primaryimage\"},\"thumbnailUrl\":\"https:\/\/conic.cat\/wp-content\/plugins\/elementor\/assets\/images\/placeholder.png\",\"datePublished\":\"2023-09-19T11:03:57+00:00\",\"dateModified\":\"2023-11-02T15:00:24+00:00\",\"breadcrumb\":{\"@id\":\"https:\/\/conic.cat\/estudi\/#breadcrumb\"},\"inLanguage\":\"es\",\"potentialAction\":[{\"@type\":\"ReadAction\",\"target\":[\"https:\/\/conic.cat\/estudi\/\"]}]},{\"@type\":\"ImageObject\",\"inLanguage\":\"es\",\"@id\":\"https:\/\/conic.cat\/estudi\/#primaryimage\",\"url\":\"https:\/\/conic.cat\/wp-content\/plugins\/elementor\/assets\/images\/placeholder.png\",\"contentUrl\":\"https:\/\/conic.cat\/wp-content\/plugins\/elementor\/assets\/images\/placeholder.png\"},{\"@type\":\"BreadcrumbList\",\"@id\":\"https:\/\/conic.cat\/estudi\/#breadcrumb\",\"itemListElement\":[{\"@type\":\"ListItem\",\"position\":1,\"name\":\"Inici\",\"item\":\"https:\/\/conic.cat\/es\/home\/\"},{\"@type\":\"ListItem\",\"position\":2,\"name\":\"Estudio\"}]},{\"@type\":\"WebSite\",\"@id\":\"https:\/\/conic.cat\/#website\",\"url\":\"https:\/\/conic.cat\/\",\"name\":\"Conic\",\"description\":\"Obres - Projectes - Legalitzacions\",\"publisher\":{\"@id\":\"https:\/\/conic.cat\/#organization\"},\"potentialAction\":[{\"@type\":\"SearchAction\",\"target\":{\"@type\":\"EntryPoint\",\"urlTemplate\":\"https:\/\/conic.cat\/?s={search_term_string}\"},\"query-input\":{\"@type\":\"PropertyValueSpecification\",\"valueRequired\":true,\"valueName\":\"search_term_string\"}}],\"inLanguage\":\"es\"},{\"@type\":\"Organization\",\"@id\":\"https:\/\/conic.cat\/#organization\",\"name\":\"Conic\",\"url\":\"https:\/\/conic.cat\/\",\"logo\":{\"@type\":\"ImageObject\",\"inLanguage\":\"es\",\"@id\":\"https:\/\/conic.cat\/#\/schema\/logo\/image\/\",\"url\":\"https:\/\/conic.cat\/wp-content\/uploads\/2023\/09\/Conic-logo.svg\",\"contentUrl\":\"https:\/\/conic.cat\/wp-content\/uploads\/2023\/09\/Conic-logo.svg\",\"width\":850,\"height\":173,\"caption\":\"Conic\"},\"image\":{\"@id\":\"https:\/\/conic.cat\/#\/schema\/logo\/image\/\"}}]}<\/script>\n<!-- \/ Yoast SEO plugin. -->","yoast_head_json":{"title":"Estudio - Conic","robots":{"index":"index","follow":"follow","max-snippet":"max-snippet:-1","max-image-preview":"max-image-preview:large","max-video-preview":"max-video-preview:-1"},"canonical":"https:\/\/conic.cat\/estudi\/","og_locale":"es_ES","og_type":"article","og_title":"Estudio - Conic","og_description":"EL ESTUDIO NOSOTROS Empresa constructora joven y din\u00e1mica, con m\u00e1s de 15 a\u00f1os de experiencia en el sector, formada por un equipo de personas polivalentes, con amplia trayectoria en la creaci\u00f3n y ejecuci\u00f3n de espacio, especializados en obras de locales comerciales, oficinas y viviendas Colaboramos estrechamente con varios despachos de arquitectura y de interiorismo.El cuidado [&hellip;]","og_url":"https:\/\/conic.cat\/estudi\/","og_site_name":"Conic","article_modified_time":"2023-11-02T15:00:24+00:00","og_image":[{"url":"https:\/\/conic.cat\/wp-content\/plugins\/elementor\/assets\/images\/placeholder.png","type":"","width":"","height":""}],"twitter_card":"summary_large_image","twitter_misc":{"Tiempo de lectura":"1 minuto"},"schema":{"@context":"https:\/\/schema.org","@graph":[{"@type":"WebPage","@id":"https:\/\/conic.cat\/estudi\/","url":"https:\/\/conic.cat\/estudi\/","name":"Estudio - Conic","isPartOf":{"@id":"https:\/\/conic.cat\/#website"},"primaryImageOfPage":{"@id":"https:\/\/conic.cat\/estudi\/#primaryimage"},"image":{"@id":"https:\/\/conic.cat\/estudi\/#primaryimage"},"thumbnailUrl":"https:\/\/conic.cat\/wp-content\/plugins\/elementor\/assets\/images\/placeholder.png","datePublished":"2023-09-19T11:03:57+00:00","dateModified":"2023-11-02T15:00:24+00:00","breadcrumb":{"@id":"https:\/\/conic.cat\/estudi\/#breadcrumb"},"inLanguage":"es","potentialAction":[{"@type":"ReadAction","target":["https:\/\/conic.cat\/estudi\/"]}]},{"@type":"ImageObject","inLanguage":"es","@id":"https:\/\/conic.cat\/estudi\/#primaryimage","url":"https:\/\/conic.cat\/wp-content\/plugins\/elementor\/assets\/images\/placeholder.png","contentUrl":"https:\/\/conic.cat\/wp-content\/plugins\/elementor\/assets\/images\/placeholder.png"},{"@type":"BreadcrumbList","@id":"https:\/\/conic.cat\/estudi\/#breadcrumb","itemListElement":[{"@type":"ListItem","position":1,"name":"Inici","item":"https:\/\/conic.cat\/es\/home\/"},{"@type":"ListItem","position":2,"name":"Estudio"}]},{"@type":"WebSite","@id":"https:\/\/conic.cat\/#website","url":"https:\/\/conic.cat\/","name":"Conic","description":"Obres - Projectes - Legalitzacions","publisher":{"@id":"https:\/\/conic.cat\/#organization"},"potentialAction":[{"@type":"SearchAction","target":{"@type":"EntryPoint","urlTemplate":"https:\/\/conic.cat\/?s={search_term_string}"},"query-input":{"@type":"PropertyValueSpecification","valueRequired":true,"valueName":"search_term_string"}}],"inLanguage":"es"},{"@type":"Organization","@id":"https:\/\/conic.cat\/#organization","name":"Conic","url":"https:\/\/conic.cat\/","logo":{"@type":"ImageObject","inLanguage":"es","@id":"https:\/\/conic.cat\/#\/schema\/logo\/image\/","url":"https:\/\/conic.cat\/wp-content\/uploads\/2023\/09\/Conic-logo.svg","contentUrl":"https:\/\/conic.cat\/wp-content\/uploads\/2023\/09\/Conic-logo.svg","width":850,"height":173,"caption":"Conic"},"image":{"@id":"https:\/\/conic.cat\/#\/schema\/logo\/image\/"}}]}},"_links":{"self":[{"href":"https:\/\/conic.cat\/es\/wp-json\/wp\/v2\/pages\/1500","targetHints":{"allow":["GET"]}}],"collection":[{"href":"https:\/\/conic.cat\/es\/wp-json\/wp\/v2\/pages"}],"about":[{"href":"https:\/\/conic.cat\/es\/wp-json\/wp\/v2\/types\/page"}],"author":[{"embeddable":true,"href":"https:\/\/conic.cat\/es\/wp-json\/wp\/v2\/users\/1"}],"replies":[{"embeddable":true,"href":"https:\/\/conic.cat\/es\/wp-json\/wp\/v2\/comments?post=1500"}],"version-history":[{"count":3,"href":"https:\/\/conic.cat\/es\/wp-json\/wp\/v2\/pages\/1500\/revisions"}],"predecessor-version":[{"id":1503,"href":"https:\/\/conic.cat\/es\/wp-json\/wp\/v2\/pages\/1500\/revisions\/1503"}],"wp:attachment":[{"href":"https:\/\/conic.cat\/es\/wp-json\/wp\/v2\/media?parent=1500"}],"curies":[{"name":"wp","href":"https:\/\/api.w.org\/{rel}","templated":true}]}}